{"id":145,"date":"2017-04-09T18:20:51","date_gmt":"2017-04-09T16:20:51","guid":{"rendered":"http:\/\/www.tischlerei3er.at\/?page_id=145"},"modified":"2017-05-02T13:00:54","modified_gmt":"2017-05-02T11:00:54","slug":"referenzen","status":"publish","type":"page","link":"http:\/\/www.tischlerei3er.at\/?page_id=145","title":{"rendered":"Referenzen"},"content":{"rendered":"<p>Ein Auszug von Kunden, die auf uns vertrauen &#8230;<\/p>\n<p><a href=\"http:\/\/www.peugeot-schick.at\" target=\"_blank\" rel=\"noopener noreferrer\">Autohaus Schick Schwaz<\/a><\/p>\n<p><a href=\"http:\/\/www.einbaumeister.at\" target=\"_blank\" rel=\"noopener noreferrer\">Baumeister Christoph Dornauer<\/a><\/p>\n<p><a href=\"http:\/\/www.schwarzweiss.cc\" target=\"_blank\" rel=\"noopener noreferrer\">Baumeister Christoph H\u00f6rhager<\/a><\/p>\n<p>Bmst. Dipl.Ing. Martin Lieb<\/p>\n<p><a href=\"http:\/\/www.bfw-woergl.at\" target=\"_blank\" rel=\"noopener noreferrer\">Berufsschule f. wirtschaftliche Berufe W\u00f6rgl<\/a><\/p>\n<p><a href=\"https:\/\/www.tirol.gv.at\/kufstein\/\" target=\"_blank\" rel=\"noopener noreferrer\">BH-Kufstein<\/a><\/p>\n<p><a href=\"http:\/\/www.polizei.gv.at\/tirol\/\" target=\"_blank\" rel=\"noopener noreferrer\">Bundespolizeidirektion Innsbruck<\/a><\/p>\n<p><a href=\"https:\/\/www.sozialministeriumservice.at\/site\/Ueber_uns\/Sozialministeriumservice\/Landesstellen\/Tirol\/\" target=\"_blank\" rel=\"noopener noreferrer\">Bundessozialamt Innsbruck<\/a><\/p>\n<p><a href=\"https:\/\/www.tirol.gv.at\/umwelt\/ctua\/\" target=\"_blank\" rel=\"noopener noreferrer\">CTUA Versuchsanstalt Innsbruck<\/a><\/p>\n<p><a href=\"http:\/\/www.eglo.com\/austria\" target=\"_blank\" rel=\"noopener noreferrer\">EGLO Leuchten Pill<\/a><\/p>\n<p><a href=\"http:\/\/www.archgostner.at\" target=\"_blank\" rel=\"noopener noreferrer\">Arch.Dipl.Ing Michael Gostner<\/a><\/p>\n<p><a href=\"https:\/\/www.wt-hirschberger.at\" target=\"_blank\" rel=\"noopener noreferrer\">Hirschberger &amp; Hirschberger Steuerberatung Schwaz<\/a><\/p>\n<p><a href=\"http:\/\/www.ing-b.at\/\" target=\"_blank\" rel=\"noopener noreferrer\">Ingenieurb\u00fcro Bernhard Brugger<\/a><\/p>\n<p><a href=\"http:\/\/www.hotelgarni-regina.at\" target=\"_blank\" rel=\"noopener noreferrer\">Hotel Garni Regina Weerberg<\/a><\/p>\n<p>Landesimmobilien Bau und Sanierungs GmbH<\/p>\n<p><a href=\"http:\/\/www.rotholz.at\" target=\"_blank\" rel=\"noopener noreferrer\">Landwirtschaftliche Lehranstalt Rotholz<\/a><\/p>\n<p><a href=\"http:\/\/www.tfbs-handel-innsbruck.tsn.at\" target=\"_blank\" rel=\"noopener noreferrer\">Landesberufsschulen Lohbachufer Innsbruck<\/a><\/p>\n<p><a href=\"http:\/\/www.tfbs-metall.at\" target=\"_blank\" rel=\"noopener noreferrer\">Landesberufsschulen Mandelsberg Innsbruck<\/a><\/p>\n<p><a href=\"https:\/\/www.tirol.gv.at\/gesellschaft-soziales\/landeskinderheim-axams\/\" target=\"_blank\" rel=\"noopener noreferrer\">Landeskinderheim Axams<\/a><\/p>\n<p><a href=\"https:\/\/www.uibk.ac.at\/index.html.de\" target=\"_blank\" rel=\"noopener noreferrer\">Leopold-Franzens Universit\u00e4t Innsbruck<\/a><\/p>\n<p><a href=\"http:\/\/mark-wohnen.at\" target=\"_blank\" rel=\"noopener noreferrer\">Mark Wohndesign Wattens<\/a><\/p>\n<p>Pfarrkiche Mari\u00e4 Heimsuchung Kolsass<\/p>\n<p><a href=\"http:\/\/innsbruck.redemptoristen.com\" target=\"_blank\" rel=\"noopener noreferrer\">Redemptoristenkolleg Innsbruck<\/a><\/p>\n<p>Schloss Mentelberg Innsbruck<\/p>\n<p>Schlosskapelle Mentelberg Innsbruck<\/p>\n<p><a href=\"http:\/\/sob-tirol.tsn.at\/\" target=\"_blank\" rel=\"noopener noreferrer\">Schule f\u00fcr Sozialbetreuungsberufe SOB<\/a><\/p>\n<p><a href=\"http:\/\/www.lbsh-ibk.tsn.at\/\" target=\"_blank\" rel=\"noopener noreferrer\">Sch\u00fclerheim Mandelsberg<\/a><\/p>\n<p><a href=\"http:\/\/www.seelos.net\/\" target=\"_blank\" rel=\"noopener noreferrer\">Seelos Karosseriebautechnik Fritzens<\/a><\/p>\n<p><a href=\"https:\/\/www.uibk.ac.at\/public-relations\/veranstaltungen\/standorte\/sowi\/\" target=\"_blank\" rel=\"noopener noreferrer\">SOWI Innsbruck<\/a><\/p>\n<p><a href=\"http:\/\/www.stephansfliesenshop.at\/\" target=\"_blank\" rel=\"noopener noreferrer\">Stephans-Fliesenshop<\/a><\/p>\n<p><a href=\"https:\/\/www.uibk.ac.at\/fakultaeten\/technische-wissenschaften\/index.html.de\" target=\"_blank\" rel=\"noopener noreferrer\">Technische Universit\u00e4t Innsbruck<\/a><\/p>\n<p><a href=\"http:\/\/www.tiroler-landesmuseen.at\/\" target=\"_blank\" rel=\"noopener noreferrer\">Tiroler Landesmuseum Ferdinandeum<\/a><\/p>\n<p><a href=\"http:\/\/www.tsd.gv.at\/\" target=\"_blank\" rel=\"noopener noreferrer\">Tiroler Soziale Dienste TSD<\/a><\/p>\n<p><a href=\"http:\/\/www.tfbs-installation.tsn.at\/\" target=\"_blank\" rel=\"noopener noreferrer\">TFBS f\u00fcr Instalation u. Blechtechnik<\/a><\/p>\n<p><a href=\"http:\/\/www.tfbs-foto.tsn.at\/\" target=\"_blank\" rel=\"noopener noreferrer\">TFBS f\u00fcr Optik,Fotographie und H\u00f6rakustik<\/a><\/p>\n<p><a href=\"http:\/\/www.tfbs-kfz.at\/\" target=\"_blank\" rel=\"noopener noreferrer\">TFBS f\u00fcr KFZ-Technik<\/a><\/p>\n<p><a href=\"http:\/\/www.tfbs-garamo.tsn.at\/\" target=\"_blank\" rel=\"noopener noreferrer\">TFBS f\u00fcr Garten Raum und Mode<\/a><\/p>\n<p><a href=\"http:\/\/www.tfbs-kufstein.tsn.at\/\" target=\"_blank\" rel=\"noopener noreferrer\">TFBS f\u00fcr Wirtschaft und Technik<\/a><\/p>\n<p>Weinbar Lindner Schwaz<\/p>\n<p><a href=\"http:\/\/www.wedl.com\/\" target=\"_blank\" rel=\"noopener noreferrer\">Wedl-Handelshaus Mils<\/a><\/p>\n<p><a href=\"http:\/\/www.zentrum-mils.tsn.at\/\" target=\"_blank\" rel=\"noopener noreferrer\">Zentrum f\u00fcr H\u00f6r- und Sprachp\u00e4dagogik Mils<\/a><\/p>\n","protected":false},"excerpt":{"rendered":"<p>Ein Auszug von Kunden, die auf uns vertrauen &#8230; Autohaus Schick Schwaz Baumeister Christoph Dornauer Baumeister Christoph H\u00f6rhager Bmst. Dipl.Ing. Martin Lieb Berufsschule f. wirtschaftliche Berufe W\u00f6rgl BH-Kufstein Bundespolizeidirektion Innsbruck Bundessozialamt Innsbruck CTUA Versuchsanstalt Innsbruck EGLO Leuchten Pill Arch.Dipl.Ing Michael Gostner Hirschberger &amp; Hirschberger Steuerberatung Schwaz Ingenieurb\u00fcro Bernhard Brugger Hotel Garni Regina Weerberg Landesimmobilien Bau &hellip; <\/p>\n<p class=\"link-more\"><a href=\"http:\/\/www.tischlerei3er.at\/?page_id=145\" class=\"more-link\">Continue reading<span class=\"screen-reader-text\"> &#8222;Referenzen&#8220;<\/span><\/a><\/p>\n","protected":false},"author":1,"featured_media":0,"parent":0,"menu_order":0,"comment_status":"closed","ping_status":"closed","template":"","meta":[],"_links":{"self":[{"href":"http:\/\/www.tischlerei3er.at\/index.php?rest_route=\/wp\/v2\/pages\/145"}],"collection":[{"href":"http:\/\/www.tischlerei3er.at\/index.php?rest_route=\/wp\/v2\/pages"}],"about":[{"href":"http:\/\/www.tischlerei3er.at\/index.php?rest_route=\/wp\/v2\/types\/page"}],"author":[{"embeddable":true,"href":"http:\/\/www.tischlerei3er.at\/index.php?rest_route=\/wp\/v2\/users\/1"}],"replies":[{"embeddable":true,"href":"http:\/\/www.tischlerei3er.at\/index.php?rest_route=%2Fwp%2Fv2%2Fcomments&post=145"}],"version-history":[{"count":5,"href":"http:\/\/www.tischlerei3er.at\/index.php?rest_route=\/wp\/v2\/pages\/145\/revisions"}],"predecessor-version":[{"id":416,"href":"http:\/\/www.tischlerei3er.at\/index.php?rest_route=\/wp\/v2\/pages\/145\/revisions\/416"}],"wp:attachment":[{"href":"http:\/\/www.tischlerei3er.at\/index.php?rest_route=%2Fwp%2Fv2%2Fmedia&parent=145"}],"curies":[{"name":"wp","href":"https:\/\/api.w.org\/{rel}","templated":true}]}}